{"id":23,"date":"2018-06-26T17:38:36","date_gmt":"2018-06-26T17:38:36","guid":{"rendered":"http:\/\/awssection.allcovered.io\/monterrey\/?page_id=23"},"modified":"2024-11-18T19:23:13","modified_gmt":"2024-11-18T19:23:13","slug":"section-officers","status":"publish","type":"page","link":"https:\/\/sections.aws.org\/monterrey\/section-officers\/","title":{"rendered":"Section Officers"},"content":{"rendered":"\t\t<div data-elementor-type=\"wp-post\" data-elementor-id=\"23\" class=\"elementor elementor-23\" data-elementor-post-type=\"page\">\n\t\t\t\t\t\t<section class=\"elementor-section elementor-top-section elementor-element elementor-element-c7ef286 elementor-section-boxed elementor-section-height-default elementor-section-height-default\" data-id=\"c7ef286\" data-element_type=\"section\" data-e-type=\"section\">\n\t\t\t\t\t\t<div class=\"elementor-container elementor-column-gap-default\">\n\t\t\t\t\t<div class=\"elementor-column elementor-col-100 elementor-top-column elementor-element elementor-element-a8e7f41\" data-id=\"a8e7f41\" data-element_type=\"column\" data-e-type=\"column\">\n\t\t\t<div class=\"elementor-widget-wrap elementor-element-populated\">\n\t\t\t\t\t\t<div class=\"elementor-element elementor-element-85b8615 elementor-widget elementor-widget-heading\" data-id=\"85b8615\" data-element_type=\"widget\" data-e-type=\"widget\" data-widget_type=\"heading.default\">\n\t\t\t\t<div class=\"elementor-widget-container\">\n\t\t\t\t\t<h2 class=\"elementor-heading-title elementor-size-default\">Junta de la Secci\u00f3n<\/h2>\t\t\t\t<\/div>\n\t\t\t\t<\/div>\n\t\t\t\t\t<\/div>\n\t\t<\/div>\n\t\t\t\t\t<\/div>\n\t\t<\/section>\n\t\t\t\t<section class=\"elementor-section elementor-top-section elementor-element elementor-element-ea7a459 elementor-section-boxed elementor-section-height-default elementor-section-height-default\" data-id=\"ea7a459\" data-element_type=\"section\" data-e-type=\"section\">\n\t\t\t\t\t\t<div class=\"elementor-container elementor-column-gap-default\">\n\t\t\t\t\t<div class=\"elementor-column elementor-col-100 elementor-top-column elementor-element elementor-element-bae03c1\" data-id=\"bae03c1\" data-element_type=\"column\" data-e-type=\"column\">\n\t\t\t<div class=\"elementor-widget-wrap elementor-element-populated\">\n\t\t\t\t\t\t<div class=\"elementor-element elementor-element-b329b9a elementor-icon-list--layout-traditional elementor-list-item-link-full_width elementor-widget elementor-widget-icon-list\" data-id=\"b329b9a\" data-element_type=\"widget\" data-e-type=\"widget\" data-widget_type=\"icon-list.default\">\n\t\t\t\t<div class=\"elementor-widget-container\">\n\t\t\t\t\t\t\t<ul class=\"elementor-icon-list-items\">\n\t\t\t\t\t\t\t<li class=\"elementor-icon-list-item\">\n\t\t\t\t\t\t\t\t\t\t\t<span class=\"elementor-icon-list-icon\">\n\t\t\t\t\t\t\t<i aria-hidden=\"true\" class=\"fas fa-user-circle\"><\/i>\t\t\t\t\t\t<\/span>\n\t\t\t\t\t\t\t\t\t\t<span class=\"elementor-icon-list-text\"><strong>CHAIR<\/strong><br>David Sada Salinas<\/span>\n\t\t\t\t\t\t\t\t\t<\/li>\n\t\t\t\t\t\t\t\t<li class=\"elementor-icon-list-item\">\n\t\t\t\t\t\t\t\t\t\t\t<span class=\"elementor-icon-list-icon\">\n\t\t\t\t\t\t\t<i aria-hidden=\"true\" class=\"fas fa-user-circle\"><\/i>\t\t\t\t\t\t<\/span>\n\t\t\t\t\t\t\t\t\t\t<span class=\"elementor-icon-list-text\"><strong>1<sup>st<\/sup> VICE CHAIR<\/strong><br>Raul Contreras<\/span>\n\t\t\t\t\t\t\t\t\t<\/li>\n\t\t\t\t\t\t\t\t<li class=\"elementor-icon-list-item\">\n\t\t\t\t\t\t\t\t\t\t\t<span class=\"elementor-icon-list-icon\">\n\t\t\t\t\t\t\t<i aria-hidden=\"true\" class=\"fas fa-user-circle\"><\/i>\t\t\t\t\t\t<\/span>\n\t\t\t\t\t\t\t\t\t\t<span class=\"elementor-icon-list-text\"><strong>2<sup>nd<\/sup> VICE CHAIR<\/strong><br>Germ\u00e1n Le\u00f3n Lara<\/span>\n\t\t\t\t\t\t\t\t\t<\/li>\n\t\t\t\t\t\t\t\t<li class=\"elementor-icon-list-item\">\n\t\t\t\t\t\t\t\t\t\t\t<span class=\"elementor-icon-list-icon\">\n\t\t\t\t\t\t\t<i aria-hidden=\"true\" class=\"fas fa-user-circle\"><\/i>\t\t\t\t\t\t<\/span>\n\t\t\t\t\t\t\t\t\t\t<span class=\"elementor-icon-list-text\"><strong>SECRETARY<\/strong><br>Victor Ventura<\/span>\n\t\t\t\t\t\t\t\t\t<\/li>\n\t\t\t\t\t\t\t\t<li class=\"elementor-icon-list-item\">\n\t\t\t\t\t\t\t\t\t\t\t<span class=\"elementor-icon-list-icon\">\n\t\t\t\t\t\t\t<i aria-hidden=\"true\" class=\"fas fa-user-circle\"><\/i>\t\t\t\t\t\t<\/span>\n\t\t\t\t\t\t\t\t\t\t<span class=\"elementor-icon-list-text\"><strong>TREASURER<\/strong><br>Lorena Garza<\/span>\n\t\t\t\t\t\t\t\t\t<\/li>\n\t\t\t\t\t\t\t\t<li class=\"elementor-icon-list-item\">\n\t\t\t\t\t\t\t\t\t\t\t<span class=\"elementor-icon-list-icon\">\n\t\t\t\t\t\t\t<i aria-hidden=\"true\" class=\"fas fa-user-friends\"><\/i>\t\t\t\t\t\t<\/span>\n\t\t\t\t\t\t\t\t\t\t<span class=\"elementor-icon-list-text\"><strong>COMMITTEE CHAIRS<\/strong><br>Desocupado\/Unoccupied<\/span>\n\t\t\t\t\t\t\t\t\t<\/li>\n\t\t\t\t\t\t\t\t<li class=\"elementor-icon-list-item\">\n\t\t\t\t\t\t\t\t\t\t\t<span class=\"elementor-icon-list-icon\">\n\t\t\t\t\t\t\t<i aria-hidden=\"true\" class=\"fas fa-envelope-open-text\"><\/i>\t\t\t\t\t\t<\/span>\n\t\t\t\t\t\t\t\t\t\t<span class=\"elementor-icon-list-text\">Env\u00ede un correo electr\u00f3nico a <a href=\"mailto:sections@awssections.org\">sections@aws.org<\/a> si est\u00e1 interesado en apoyar a la Secci\u00f3n Monterrey de AWS.<\/span>\n\t\t\t\t\t\t\t\t\t<\/li>\n\t\t\t\t\t\t\t\t<li class=\"elementor-icon-list-item\">\n\t\t\t\t\t\t\t\t\t\t\t<span class=\"elementor-icon-list-icon\">\n\t\t\t\t\t\t\t<i aria-hidden=\"true\" class=\"fas fa-book-open\"><\/i>\t\t\t\t\t\t<\/span>\n\t\t\t\t\t\t\t\t\t\t<span class=\"elementor-icon-list-text\"><strong>BIBLIOTECA DE SECCI\u00d3N<\/strong><br>Dalus SA de CV <br>Av. Kalos No. 117 <br>Apodaca, NL 66600 <br>Librarian: Lorena Garza <br>P: (818) 386-1717<\/span>\n\t\t\t\t\t\t\t\t\t<\/li>\n\t\t\t\t\t\t<\/ul>\n\t\t\t\t\t\t<\/div>\n\t\t\t\t<\/div>\n\t\t\t\t\t<\/div>\n\t\t<\/div>\n\t\t\t\t\t<\/div>\n\t\t<\/section>\n\t\t\t\t<\/div>\n\t\t","protected":false},"excerpt":{"rendered":"<p>Junta de la Secci\u00f3n CHAIRDavid Sada Salinas 1st VICE CHAIRRaul Contreras 2nd VICE CHAIRGerm\u00e1n Le\u00f3n Lara SECRETARYVictor Ventura TREASURERLorena Garza COMMITTEE CHAIRSDesocupado\/Unoccupied Env\u00ede un correo electr\u00f3nico a sections@aws.org si est\u00e1 interesado en apoyar a la Secci\u00f3n Monterrey de AWS. BIBLIOTECA DE SECCI\u00d3NDalus SA de CV Av. Kalos No. 117 Apodaca, NL 66600 Librarian: Lorena Garza&#8230;<\/p>\n<p class=\"more-link\"><a href=\"https:\/\/sections.aws.org\/monterrey\/section-officers\/\"><span>Read More<\/span><i>&#43;<\/i><\/a><\/p>\n","protected":false},"author":1,"featured_media":0,"parent":0,"menu_order":0,"comment_status":"closed","ping_status":"closed","template":"","meta":{"content-type":"","_monsterinsights_skip_tracking":false,"_monsterinsights_sitenote_active":false,"_monsterinsights_sitenote_note":"","_monsterinsights_sitenote_category":0,"footnotes":""},"class_list":["post-23","page","type-page","status-publish","hentry"],"yoast_head":"<!-- This site is optimized with the Yoast SEO plugin v24.3 - https:\/\/yoast.com\/wordpress\/plugins\/seo\/ -->\n<title>Section Officers - AWS Monterrey Section<\/title>\n<meta name=\"robots\" content=\"index, follow, max-snippet:-1, max-image-preview:large, max-video-preview:-1\" \/>\n<link rel=\"canonical\" href=\"https:\/\/sections.aws.org\/monterrey\/section-officers\/\" \/>\n<meta property=\"og:locale\" content=\"en_US\" \/>\n<meta property=\"og:type\" content=\"article\" \/>\n<meta property=\"og:title\" content=\"Section Officers - AWS Monterrey Section\" \/>\n<meta property=\"og:description\" content=\"Junta de la Secci\u00f3n CHAIRDavid Sada Salinas 1st VICE CHAIRRaul Contreras 2nd VICE CHAIRGerm\u00e1n Le\u00f3n Lara SECRETARYVictor Ventura TREASURERLorena Garza COMMITTEE CHAIRSDesocupado\/Unoccupied Env\u00ede un correo electr\u00f3nico a sections@aws.org si est\u00e1 interesado en apoyar a la Secci\u00f3n Monterrey de AWS. BIBLIOTECA DE SECCI\u00d3NDalus SA de CV Av. Kalos No. 117 Apodaca, NL 66600 Librarian: Lorena Garza&#8230;Read More&#043;\" \/>\n<meta property=\"og:url\" content=\"https:\/\/sections.aws.org\/monterrey\/section-officers\/\" \/>\n<meta property=\"og:site_name\" content=\"AWS Monterrey Section\" \/>\n<meta property=\"article:modified_time\" content=\"2024-11-18T19:23:13+00:00\" \/>\n<meta name=\"twitter:card\" content=\"summary_large_image\" \/>\n<script type=\"application\/ld+json\" class=\"yoast-schema-graph\">{\"@context\":\"https:\/\/schema.org\",\"@graph\":[{\"@type\":\"WebPage\",\"@id\":\"https:\/\/sections.aws.org\/monterrey\/section-officers\/\",\"url\":\"https:\/\/sections.aws.org\/monterrey\/section-officers\/\",\"name\":\"Section Officers - AWS Monterrey Section\",\"isPartOf\":{\"@id\":\"https:\/\/sections.aws.org\/monterrey\/#website\"},\"datePublished\":\"2018-06-26T17:38:36+00:00\",\"dateModified\":\"2024-11-18T19:23:13+00:00\",\"breadcrumb\":{\"@id\":\"https:\/\/sections.aws.org\/monterrey\/section-officers\/#breadcrumb\"},\"inLanguage\":\"en-US\",\"potentialAction\":[{\"@type\":\"ReadAction\",\"target\":[\"https:\/\/sections.aws.org\/monterrey\/section-officers\/\"]}]},{\"@type\":\"BreadcrumbList\",\"@id\":\"https:\/\/sections.aws.org\/monterrey\/section-officers\/#breadcrumb\",\"itemListElement\":[{\"@type\":\"ListItem\",\"position\":1,\"name\":\"Home\",\"item\":\"https:\/\/sections.aws.org\/monterrey\/\"},{\"@type\":\"ListItem\",\"position\":2,\"name\":\"Section Officers\"}]},{\"@type\":\"WebSite\",\"@id\":\"https:\/\/sections.aws.org\/monterrey\/#website\",\"url\":\"https:\/\/sections.aws.org\/monterrey\/\",\"name\":\"AWS Monterrey Section\",\"description\":\"\",\"publisher\":{\"@id\":\"https:\/\/sections.aws.org\/monterrey\/#organization\"},\"potentialAction\":[{\"@type\":\"SearchAction\",\"target\":{\"@type\":\"EntryPoint\",\"urlTemplate\":\"https:\/\/sections.aws.org\/monterrey\/?s={search_term_string}\"},\"query-input\":{\"@type\":\"PropertyValueSpecification\",\"valueRequired\":true,\"valueName\":\"search_term_string\"}}],\"inLanguage\":\"en-US\"},{\"@type\":\"Organization\",\"@id\":\"https:\/\/sections.aws.org\/monterrey\/#organization\",\"name\":\"AWS Monterrey Section\",\"url\":\"https:\/\/sections.aws.org\/monterrey\/\",\"logo\":{\"@type\":\"ImageObject\",\"inLanguage\":\"en-US\",\"@id\":\"https:\/\/sections.aws.org\/monterrey\/#\/schema\/logo\/image\/\",\"url\":\"https:\/\/sections.aws.org\/monterrey\/wp-content\/uploads\/sites\/127\/2024\/01\/awslogo-sectionsPage-l.png\",\"contentUrl\":\"https:\/\/sections.aws.org\/monterrey\/wp-content\/uploads\/sites\/127\/2024\/01\/awslogo-sectionsPage-l.png\",\"width\":200,\"height\":200,\"caption\":\"AWS Monterrey Section\"},\"image\":{\"@id\":\"https:\/\/sections.aws.org\/monterrey\/#\/schema\/logo\/image\/\"}}]}<\/script>\n<!-- \/ Yoast SEO plugin. -->","yoast_head_json":{"title":"Section Officers - AWS Monterrey Section","robots":{"index":"index","follow":"follow","max-snippet":"max-snippet:-1","max-image-preview":"max-image-preview:large","max-video-preview":"max-video-preview:-1"},"canonical":"https:\/\/sections.aws.org\/monterrey\/section-officers\/","og_locale":"en_US","og_type":"article","og_title":"Section Officers - AWS Monterrey Section","og_description":"Junta de la Secci\u00f3n CHAIRDavid Sada Salinas 1st VICE CHAIRRaul Contreras 2nd VICE CHAIRGerm\u00e1n Le\u00f3n Lara SECRETARYVictor Ventura TREASURERLorena Garza COMMITTEE CHAIRSDesocupado\/Unoccupied Env\u00ede un correo electr\u00f3nico a sections@aws.org si est\u00e1 interesado en apoyar a la Secci\u00f3n Monterrey de AWS. BIBLIOTECA DE SECCI\u00d3NDalus SA de CV Av. Kalos No. 117 Apodaca, NL 66600 Librarian: Lorena Garza&#8230;Read More&#43;","og_url":"https:\/\/sections.aws.org\/monterrey\/section-officers\/","og_site_name":"AWS Monterrey Section","article_modified_time":"2024-11-18T19:23:13+00:00","twitter_card":"summary_large_image","schema":{"@context":"https:\/\/schema.org","@graph":[{"@type":"WebPage","@id":"https:\/\/sections.aws.org\/monterrey\/section-officers\/","url":"https:\/\/sections.aws.org\/monterrey\/section-officers\/","name":"Section Officers - AWS Monterrey Section","isPartOf":{"@id":"https:\/\/sections.aws.org\/monterrey\/#website"},"datePublished":"2018-06-26T17:38:36+00:00","dateModified":"2024-11-18T19:23:13+00:00","breadcrumb":{"@id":"https:\/\/sections.aws.org\/monterrey\/section-officers\/#breadcrumb"},"inLanguage":"en-US","potentialAction":[{"@type":"ReadAction","target":["https:\/\/sections.aws.org\/monterrey\/section-officers\/"]}]},{"@type":"BreadcrumbList","@id":"https:\/\/sections.aws.org\/monterrey\/section-officers\/#breadcrumb","itemListElement":[{"@type":"ListItem","position":1,"name":"Home","item":"https:\/\/sections.aws.org\/monterrey\/"},{"@type":"ListItem","position":2,"name":"Section Officers"}]},{"@type":"WebSite","@id":"https:\/\/sections.aws.org\/monterrey\/#website","url":"https:\/\/sections.aws.org\/monterrey\/","name":"AWS Monterrey Section","description":"","publisher":{"@id":"https:\/\/sections.aws.org\/monterrey\/#organization"},"potentialAction":[{"@type":"SearchAction","target":{"@type":"EntryPoint","urlTemplate":"https:\/\/sections.aws.org\/monterrey\/?s={search_term_string}"},"query-input":{"@type":"PropertyValueSpecification","valueRequired":true,"valueName":"search_term_string"}}],"inLanguage":"en-US"},{"@type":"Organization","@id":"https:\/\/sections.aws.org\/monterrey\/#organization","name":"AWS Monterrey Section","url":"https:\/\/sections.aws.org\/monterrey\/","logo":{"@type":"ImageObject","inLanguage":"en-US","@id":"https:\/\/sections.aws.org\/monterrey\/#\/schema\/logo\/image\/","url":"https:\/\/sections.aws.org\/monterrey\/wp-content\/uploads\/sites\/127\/2024\/01\/awslogo-sectionsPage-l.png","contentUrl":"https:\/\/sections.aws.org\/monterrey\/wp-content\/uploads\/sites\/127\/2024\/01\/awslogo-sectionsPage-l.png","width":200,"height":200,"caption":"AWS Monterrey Section"},"image":{"@id":"https:\/\/sections.aws.org\/monterrey\/#\/schema\/logo\/image\/"}}]}},"rttpg_featured_image_url":null,"rttpg_author":{"display_name":"jsalgado","author_link":"https:\/\/sections.aws.org\/monterrey\/author\/jsalgado\/"},"rttpg_comment":0,"rttpg_category":null,"rttpg_excerpt":"Junta de la Secci\u00f3n CHAIRDavid Sada Salinas 1st VICE CHAIRRaul Contreras 2nd VICE CHAIRGerm\u00e1n Le\u00f3n Lara SECRETARYVictor Ventura TREASURERLorena Garza COMMITTEE CHAIRSDesocupado\/Unoccupied Env\u00ede un correo electr\u00f3nico a sections@aws.org si est\u00e1 interesado en apoyar a la Secci\u00f3n Monterrey de AWS. BIBLIOTECA DE SECCI\u00d3NDalus SA de CV Av. Kalos No. 117 Apodaca, NL 66600 Librarian: Lorena Garza&#8230;Read&hellip;","_links":{"self":[{"href":"https:\/\/sections.aws.org\/monterrey\/wp-json\/wp\/v2\/pages\/23","targetHints":{"allow":["GET"]}}],"collection":[{"href":"https:\/\/sections.aws.org\/monterrey\/wp-json\/wp\/v2\/pages"}],"about":[{"href":"https:\/\/sections.aws.org\/monterrey\/wp-json\/wp\/v2\/types\/page"}],"author":[{"embeddable":true,"href":"https:\/\/sections.aws.org\/monterrey\/wp-json\/wp\/v2\/users\/1"}],"replies":[{"embeddable":true,"href":"https:\/\/sections.aws.org\/monterrey\/wp-json\/wp\/v2\/comments?post=23"}],"version-history":[{"count":26,"href":"https:\/\/sections.aws.org\/monterrey\/wp-json\/wp\/v2\/pages\/23\/revisions"}],"predecessor-version":[{"id":196,"href":"https:\/\/sections.aws.org\/monterrey\/wp-json\/wp\/v2\/pages\/23\/revisions\/196"}],"wp:attachment":[{"href":"https:\/\/sections.aws.org\/monterrey\/wp-json\/wp\/v2\/media?parent=23"}],"curies":[{"name":"wp","href":"https:\/\/api.w.org\/{rel}","templated":true}]}}